{"id":742,"date":"2021-01-06T12:08:59","date_gmt":"2021-01-06T12:08:59","guid":{"rendered":"http:\/\/counsellingonline.es\/privacy-policy\/"},"modified":"2021-01-06T12:09:00","modified_gmt":"2021-01-06T12:09:00","slug":"privacy-policy","status":"publish","type":"page","link":"http:\/\/counsellingonline.es\/en\/privacy-policy\/","title":{"rendered":"Privacy Policy"},"content":{"rendered":"\t\t<div data-elementor-type=\"wp-page\" data-elementor-id=\"742\" class=\"elementor elementor-742 elementor-3\">\n\t\t\t\t\t\t\t\t\t<section class=\"elementor-section elementor-top-section elementor-element elementor-element-69915c49 elementor-section-boxed elementor-section-height-default elementor-section-height-default parallax_section_no qode_elementor_container_no\" data-id=\"69915c49\" data-element_type=\"section\">\n\t\t\t\t\t\t<div class=\"elementor-container elementor-column-gap-default\">\n\t\t\t\t\t<div class=\"elementor-column elementor-col-50 elementor-top-column elementor-element elementor-element-3e6f0417\" data-id=\"3e6f0417\" data-element_type=\"column\">\n\t\t\t<div class=\"elementor-widget-wrap elementor-element-populated\">\n\t\t\t\t\t\t\t\t<div class=\"elementor-element elementor-element-4f083067 elementor-widget elementor-widget-text-editor\" data-id=\"4f083067\" data-element_type=\"widget\" data-widget_type=\"text-editor.default\">\n\t\t\t\t<div class=\"elementor-widget-container\">\n\t\t\t\t\t\t\t<\/p>\n<h2>POL\u00cdTICA DE PRIVACIDAD<\/h2>\n<p>El acceso y\/o uso de este portal <b>counsellingonline.es<\/b>\u00a0atribuye la condici\u00f3n de usuario, que acepta, desde dicho acceso y\/o uso, las Condiciones Generales de uso aqu\u00ed reflejadas. Las siguientes citadas condiciones ser\u00e1n de aplicaci\u00f3n independientemente de las Condiciones Generales de Contrataci\u00f3n que en su caso resulten de obligado cumplimiento.<strong>\u00a0<\/strong><\/p>\n<h3>Uso del Portal<\/h3>\n<p>El sitio web\u00a0<span style=\"font-weight: bold;\">counsellingonline.es<\/span>\u00a0proporciona el acceso a multitud de informaciones, servicios, programas o datos (en adelante, \u00ablos contenidos\u00bb) en internet pertenecientes a\u00a0<span style=\"font-weight: bold;\">counsellingonline.es<\/span>\u00a0a los cuales el usuario puede tener acceso. El usuario asume la responsabilidad del uso del portal. Dicha responsabilidad se extiende al registro que fuese necesario para acceder a determinados servicios o contenidos.<\/p>\n<p>En dicho registro el usuario ser\u00e1 responsable de aportar informaci\u00f3n veraz y l\u00edcita. Como consecuencia de este registro, al usuario se le puede proporcionar una contrase\u00f1a de la que ser\u00e1 responsable, comprometi\u00e9ndose a hacer un uso diligente y confidencial de la misma. El usuario se compromete a hacer un uso adecuado de los contenidos y servicios (como por ejemplo servicios de chat, foros de discusi\u00f3n o grupos de noticias) que\u00a0<span style=\"font-weight: bold;\">counsellingonline.es<\/span>\u00a0ofrece a trav\u00e9s de su portal y con car\u00e1cter enunciativo pero no limitativo, a no emplearlos para (i) incurrir en actividades il\u00edcitas, ilegales o contrarias a la buena fe y al orden p\u00fablico; (ii) difundir contenidos o propaganda de car\u00e1cter racista, xen\u00f3fobo, pornogr\u00e1fico-ilegal, de apolog\u00eda del terrorismo o atentatorio contra los derechos humanos; (iii) provocar da\u00f1os en los sistemas f\u00edsicos y l\u00f3gicos de\u00a0<span style=\"font-weight: bold;\">counsellingonline.es<\/span>, de sus proveedores o de terceras personas, introducir o difundir en la red virus inform\u00e1ticos o cualesquiera otros sistemas f\u00edsicos o l\u00f3gicos que sean susceptibles de provocar los da\u00f1os anteriormente mencionados; (iv) intentar acceder y, en su caso, utilizar las cuentas de correo electr\u00f3nico de otros usuarios y modificar o manipular sus mensajes.<\/p>\n<p><span style=\"font-weight: bold;\">counsellingonline.es<\/span>\u00a0se reserva el derecho de retirar todos aquellos comentarios y aportaciones que vulneren el respeto a la dignidad de la persona, que sean discriminatorios, xen\u00f3fobos, racistas, pornogr\u00e1ficos, que atenten contra la juventud o la infancia, el orden o la seguridad p\u00fablica o que, a su juicio, no resultaran adecuados para su publicaci\u00f3n. En cualquier caso,\u00a0<span style=\"font-weight: bold;\">counsellingonline.es<\/span><strong>\u00a0<\/strong>no ser\u00e1 responsable de las opiniones vertidas por los usuarios a trav\u00e9s de los foros, chats, u otras herramientas de participaci\u00f3n.<\/p>\n<p>Elkoko cumple con las directrices de la Ley Org\u00e1nica 15\/1999 de 13 de diciembre de Protecci\u00f3n de Datos de Car\u00e1cter Personal, el Real Decreto 1720\/2007 de 21 de diciembre por el que se aprueba el Reglamento de desarrollo de la Ley Org\u00e1nica y dem\u00e1s normativa vigente en cada momento, y vela por garantizar un correcto uso y tratamiento de los datos personales del usuario. Para ello, junto a cada formulario de recabo de datos de car\u00e1cter personal, en los servicios que el usuario pueda solicitar a\u00a0<span style=\"font-weight: bold;\">counsellingonline.es<\/span>, se har\u00e1 saber al usuario de la existencia y aceptaci\u00f3n de las condiciones particulares del tratamiento de sus datos en cada caso, inform\u00e1ndole de la responsabilidad del fichero creado, la direcci\u00f3n del responsable, la posibilidad de ejercer sus derechos de acceso, rectificaci\u00f3n, cancelaci\u00f3n u oposici\u00f3n, la finalidad del tratamiento y las comunicaciones de datos a terceros en su caso. Asimismo,\u00a0<span style=\"font-weight: bold;\"><a href=\"http:\/\/counsellingonline.es\/en\/\">counsellingonline.es<\/a>\u00a0<\/span>informa que da cumplimiento a la Ley 34\/2002 de 11 de julio, de Servicios de la Sociedad de la Informaci\u00f3n y el Comercio Electr\u00f3nico y le solicitar\u00e1 su consentimiento al tratamiento de su correo electr\u00f3nico con fines comerciales en cada momento.<\/p>\n<h3>Propiedad Intelectual e Industrial<\/h3>\n<p><span style=\"font-weight: bold;\">counsellingonline.es<\/span>\u00a0por s\u00ed o como cesionaria, es titular de todos los derechos de propiedad intelectual e industrial de su p\u00e1gina web, as\u00ed como de los elementos contenidos en la misma (a t\u00edtulo enunciativo, im\u00e1genes, sonido, audio, v\u00eddeo, software o textos; marcas o logotipos, combinaciones de colores, estructura y dise\u00f1o, selecci\u00f3n de materiales usados, programas de ordenador necesarios para su funcionamiento, acceso y uso, etc.), titularidad de\u00a0<span style=\"font-weight: bold;\"><a href=\"http:\/\/counsellingonline.es\/en\/\">counsellingonline.es<\/a>\u00a0<\/span>o bien de sus licenciantes.<\/p>\n<p>Todos los derechos reservados. En virtud de lo dispuesto en los art\u00edculos 8 y 32.1, p\u00e1rrafo segundo, de la Ley de Propiedad Intelectual, quedan expresamente prohibidas la reproducci\u00f3n, la distribuci\u00f3n y la comunicaci\u00f3n p\u00fablica, incluida su modalidad de puesta a disposici\u00f3n, de la totalidad o parte de los contenidos de esta p\u00e1gina web, con fines comerciales, en cualquier soporte y por cualquier medio t\u00e9cnico, sin la autorizaci\u00f3n de\u00a0<span style=\"font-weight: bold;\">counsellingonline.es<\/span>.\u00a0<\/p><\/p>\n\t\t\t\t\t\t<\/div>\n\t\t\t\t<\/div>\n\t\t\t\t\t<\/div>\n\t\t<\/div>\n\t\t\t\t<div class=\"elementor-column elementor-col-50 elementor-top-column elementor-element elementor-element-ce0f7b1\" data-id=\"ce0f7b1\" data-element_type=\"column\">\n\t\t\t<div class=\"elementor-widget-wrap elementor-element-populated\">\n\t\t\t\t\t\t\t\t<div class=\"elementor-element elementor-element-6dc22aa elementor-widget elementor-widget-text-editor\" data-id=\"6dc22aa\" data-element_type=\"widget\" data-widget_type=\"text-editor.default\">\n\t\t\t\t<div class=\"elementor-widget-container\">\n\t\t\t\t\t\t\t<\/p>\n<p><span style=\"background-color: #ffffff;\">El usuario se compromete a respetar los derechos de Propiedad Intelectual e Industrial titularidad de\u00a0<\/span><span style=\"font-weight: bold;\"><a href=\"http:\/\/counsellingonline.es\/en\/\">counsellingonline.es<\/a><\/span><span style=\"background-color: #ffffff;\">.<\/span><\/p>\n<p>Podr\u00e1 visualizar los elementos del portal e incluso imprimirlos, copiarlos y almacenarlos en el disco duro de su ordenador o en cualquier otro soporte f\u00edsico siempre y cuando sea, \u00fanica y exclusivamente, para su uso personal y privado. El usuario deber\u00e1 abstenerse de suprimir, alterar, eludir o manipular cualquier dispositivo de protecci\u00f3n o sistema de seguridad que estuviera instalado en el las p\u00e1ginas de\u00a0<a href=\"http:\/\/counsellingonline.es\/en\/\">counsellingonline.es<\/a><\/p>\n<h3>Exclusi\u00f3n de Garant\u00edas y Responsabilidad<\/h3>\n<p><a href=\"http:\/\/counsellingonline.es\/en\/\">counsellingonline.es<\/a><strong>\u00a0<\/strong>no se hace responsable, en ning\u00fan caso, de los da\u00f1os y perjuicios de cualquier naturaleza que pudieran ocasionar, a t\u00edtulo enunciativo: errores u omisiones en los contenidos, falta de disponibilidad del portal o la transmisi\u00f3n de virus o programas maliciosos o lesivos en los contenidos, a pesar de haber adoptado todas las medidas tecnol\u00f3gicas necesarias para evitarlo.<\/p>\n<h3>Modificaciones<\/h3>\n<p><a href=\"http:\/\/counsellingonline.es\/en\/\">counsellingonline.es<\/a>\u00a0se reserva el derecho de efectuar sin previo aviso las modificaciones que considere oportunas en su portal, pudiendo cambiar, suprimir o a\u00f1adir tanto los contenidos y servicios que se presten a trav\u00e9s de la misma como la forma en la que \u00e9stos aparezcan presentados o localizados en su portal.<\/p>\n<h3>Enlaces<\/h3>\n<p>En el caso de que en\u00a0<a href=\"http:\/\/counsellingonline.es\/en\/\">counsellingonline.es<\/a>\u00a0se dispusiesen enlaces o hiperv\u00ednculos hac\u00eda otros sitios de Internet,\u00a0<a href=\"http:\/\/counsellingonline.es\/en\/\">counsellingonline.es<\/a><strong>\u00a0<\/strong>no ejercer\u00e1 ning\u00fan tipo de control sobre dichos sitios y contenidos.<\/p>\n<p>En ning\u00fan caso\u00a0<a href=\"http:\/\/counsellingonline.es\/en\/\">counsellingonline.es<\/a>\u00a0asumir\u00e1 responsabilidad alguna por los contenidos de alg\u00fan enlace perteneciente a un sitio web ajeno, ni garantizar\u00e1 la disponibilidad t\u00e9cnica, calidad, fiabilidad, exactitud, amplitud, veracidad, validez y constitucionalidad de cualquier material o informaci\u00f3n contenida en ninguno de dichos hiperv\u00ednculos u otros sitios de Internet. Igualmente la inclusi\u00f3n de estas conexiones externas no implicar\u00e1 ning\u00fan tipo de asociaci\u00f3n, fusi\u00f3n o participaci\u00f3n con las entidades conectadas.<\/p>\n<h3>Derecho de Exclusi\u00f3n<\/h3>\n<p><a href=\"http:\/\/counsellingonline.es\/en\/\">counsellingonline.es<\/a>\u00a0se reserva el derecho a denegar o retirar el acceso a portal y\/o los servicios ofrecidos sin necesidad de preaviso, a instancia propia o de un tercero, a aquellos usuarios que incumplan las presentes Condiciones Generales de Uso.<\/p>\n<h3>Generalidades<\/h3>\n<p><a href=\"http:\/\/counsellingonline.es\/en\/\">counsellingonline.es<\/a><strong>\u00a0<\/strong>perseguir\u00e1 el incumplimiento de las presentes condiciones as\u00ed como cualquier utilizaci\u00f3n indebida de su portal ejerciendo todas las acciones civiles y penales que le puedan corresponder en derecho.<\/p>\n<h3>Modificaci\u00f3n de las Presentes Condiciones y Duraci\u00f3n<\/h3>\n<p><a href=\"http:\/\/counsellingonline.es\/en\/\">counsellingonline.es<\/a>\u00a0podr\u00e1 modificar en cualquier momento las condiciones aqu\u00ed determinadas, siendo debidamente publicadas como aqu\u00ed aparecen. La vigencia de las citadas condiciones ir\u00e1 en funci\u00f3n de su exposici\u00f3n y estar\u00e1n vigentes hasta que sean modificadas por otras debidamente publicadas.<\/p>\n<h3>Legislaci\u00f3n Aplicable y Jurisdicci\u00f3n<\/h3>\n<p>La relaci\u00f3n entre\u00a0<a href=\"http:\/\/counsellingonline.es\/en\/\">counsellingonline.es<\/a>\u00a0y el usuario se regir\u00e1 por la normativa espa\u00f1ola vigente y cualquier controversia se someter\u00e1 a los Juzgados y tribunales de la ciudad de M\u00e1laga.<\/p>\n<h3>Datos Identificativos<\/h3>\n<p>En cumplimiento con el deber de informaci\u00f3n recogido en art\u00edculo 10 de la Ley 34\/2002, de 11 de julio, de Servicios de la Sociedad de la Informaci\u00f3n y del Comercio Electr\u00f3nico, a continuaci\u00f3n se reflejan los siguientes datos:<\/p>\n<p>Nombre Comercial: <b>Counselling Online<\/b><br \/>Denominaci\u00f3n Social: <b>Beatriz Puche<\/b><br \/>Tel\u00e9fono:\u00a0<strong style=\"caret-color: #dfdfdf; color: #dfdfdf;\"><a style=\"font-weight: 600; word-wrap: break-word; transition: color 0.2s ease-in-out; letter-spacing: 0px; line-height: 22px; color: #e9c05a !important;\" href=\"tel:+34657520471\">+34 657520471<\/a><\/strong><br \/>E-mail: <a href=\"mailto:info@counsellingonline.es\">info@counsellingonline.es<\/a><br \/>Sitio web:\u00a0<a href=\"http:\/\/counsellingonline.es\/en\/\">counsellingonline.es<\/a><\/p><\/p>\n\t\t\t\t\t\t<\/div>\n\t\t\t\t<\/div>\n\t\t\t\t\t<\/div>\n\t\t<\/div>\n\t\t\t\t\t\t\t<\/div>\n\t\t<\/section>\n\t\t\t\t\t\t\t<\/div>\n\t\t","protected":false},"excerpt":{"rendered":"<p>POL\u00cdTICA DE PRIVACIDAD El acceso y\/o uso de este portal counsellingonline.es\u00a0atribuye la condici\u00f3n de usuario, que acepta, desde dicho acceso y\/o uso, las Condiciones Generales de uso aqu\u00ed reflejadas. Las siguientes citadas condiciones ser\u00e1n de aplicaci\u00f3n independientemente de las Condiciones Generales de Contrataci\u00f3n que en su caso resulten de obligado cumplimiento.\u00a0 Uso del Portal El sitio web\u00a0counsellingonline.es\u00a0proporciona el acceso a multitud de informaciones, servicios, programas o datos (en adelante, \u00ablos contenidos\u00bb) en internet pertenecientes a\u00a0counsellingonline.es\u00a0a los cuales el usuario puede tener acceso. El usuario asume la responsabilidad del uso del portal. Dicha responsabilidad se extiende al registro que fuese necesario para acceder a determinados servicios o contenidos. En dicho registro el usuario ser\u00e1 responsable de aportar informaci\u00f3n veraz y l\u00edcita. Como consecuencia de este registro, al usuario se le puede proporcionar una contrase\u00f1a de la que ser\u00e1 responsable, comprometi\u00e9ndose a hacer un uso diligente y confidencial de la misma. El usuario se compromete a hacer un uso adecuado de los contenidos y servicios (como por ejemplo servicios de chat, foros de discusi\u00f3n o grupos de noticias) que\u00a0counsellingonline.es\u00a0ofrece a trav\u00e9s de su portal y con car\u00e1cter enunciativo pero no limitativo, a no emplearlos para (i) incurrir en actividades il\u00edcitas, ilegales o&#8230;<\/p>\n","protected":false},"author":1,"featured_media":0,"parent":0,"menu_order":0,"comment_status":"closed","ping_status":"closed","template":"","meta":{"footnotes":""},"_links":{"self":[{"href":"http:\/\/counsellingonline.es\/en\/wp-json\/wp\/v2\/pages\/742"}],"collection":[{"href":"http:\/\/counsellingonline.es\/en\/wp-json\/wp\/v2\/pages"}],"about":[{"href":"http:\/\/counsellingonline.es\/en\/wp-json\/wp\/v2\/types\/page"}],"author":[{"embeddable":true,"href":"http:\/\/counsellingonline.es\/en\/wp-json\/wp\/v2\/users\/1"}],"replies":[{"embeddable":true,"href":"http:\/\/counsellingonline.es\/en\/wp-json\/wp\/v2\/comments?post=742"}],"version-history":[{"count":1,"href":"http:\/\/counsellingonline.es\/en\/wp-json\/wp\/v2\/pages\/742\/revisions"}],"predecessor-version":[{"id":743,"href":"http:\/\/counsellingonline.es\/en\/wp-json\/wp\/v2\/pages\/742\/revisions\/743"}],"wp:attachment":[{"href":"http:\/\/counsellingonline.es\/en\/wp-json\/wp\/v2\/media?parent=742"}],"curies":[{"name":"wp","href":"https:\/\/api.w.org\/{rel}","templated":true}]}}